{"id":6132,"date":"2022-03-22T16:19:46","date_gmt":"2022-03-22T16:19:46","guid":{"rendered":"https:\/\/sno-renoir.osups.universite-paris-saclay.fr\/?page_id=6132"},"modified":"2022-06-15T12:54:13","modified_gmt":"2022-06-15T12:54:13","slug":"mentions-legales","status":"publish","type":"page","link":"https:\/\/sno-renoir.osups.universite-paris-saclay.fr\/en\/mentions-legales\/","title":{"rendered":"Mentions l\u00e9gales et Cr\u00e9dits"},"content":{"rendered":"<h3 class=\"wp-block-heading\"><strong>CR\u00c9DITS<\/strong>&nbsp;ET&nbsp;<strong>MENTIONS L\u00c9GALES<\/strong><\/h3>\n\n\n\n<p><\/p>\n\n\n\n<p><strong>Informations \u00e9ditoriales<\/strong><\/p>\n\n\n\n<p>Le site&nbsp;\u00ab&nbsp;<em>https:\/\/sno-renoir.osups.universite-paris-saclay.fr&nbsp;\u00bb<\/em> est \u00e9dit\u00e9 par l\u2019OSU Paris-Saclay via IDOC (<em>Integrated Data and Operation Center<\/em>).<\/p>\n\n\n\n<p><strong>Directeur de la publication<\/strong><\/p>\n\n\n\n<p>Elisabeth Gibert-Brunet, responsable du SNO RENOIR<\/p>\n\n\n\n<h3 class=\"wp-block-heading\"><strong>Conception du site<\/strong><a href=\"https:\/\/www.hs3pe-crises.fr\/wp-admin\/edit.php?post_type=page\"><\/a><\/h3>\n\n\n\n<p>Laetitia Martin \u2013 Direction artistique<br>Conception graphique et ergonomique, d\u00e9veloppement et outil de gestion de contenus<br>Cr\u00e9ation du logo<br><a href=\"mailto:Laetmartin@gmail.com\">Laetmartin@<\/a><a href=\"mailto:Laetmartin@gmail.com\" target=\"_blank\" rel=\"noreferrer noopener\">gmail<\/a><a href=\"mailto:Laetmartin@gmail.com\">.com<\/a><br><br>En collaboration avec Romain Zajdel <br>Int\u00e9gration et d\u00e9veloppement<\/p>\n\n\n\n<p>Site r\u00e9alis\u00e9 sous WordPress<\/p>\n\n\n\n<h3 class=\"wp-block-heading\"><strong>Cr\u00e9dits images, multim\u00e9dia<\/strong><\/h3>\n\n\n\n<p>Photos&nbsp;:&nbsp;Les photos sont libres de droits, \u00e0 l\u2019exception des photos pr\u00e9sentes sur les fiches de chaque station du r\u00e9seau. Ces photos appartiennent aux membres du laboratoire de rattachement de la station.<\/p>\n\n\n\n<p>Certaines autres images sont issues du site Pixabay.com.<\/p>\n\n\n\n<h3 class=\"wp-block-heading\"><strong>H\u00e9bergement<\/strong><\/h3>\n\n\n\n<p>OUSPS (OSU Paris-Saclay) &#8211; IDOC (<em>Information Data and Operation Center<\/em>), Universit\u00e9 Paris-Saclay, Orsay, France.<\/p>\n\n\n\n<h3 class=\"wp-block-heading\"><strong>Traitement de donn\u00e9es \u00e0 caract\u00e8re personnel<\/strong><\/h3>\n\n\n\n<p>L\u2019\u00e9quipe du site&nbsp;\u00ab&nbsp;https:\/\/sno-renoir.osups.universite-paris-saclay.fr&nbsp;\u00bb&nbsp;est particuli\u00e8rement attentive \u00e0 la protection des donn\u00e9es \u00e0 caract\u00e8re personnel et&nbsp;s\u2019engage \u00e0 ce que la collecte et le traitement de vos donn\u00e9es, effectu\u00e9s \u00e0 partir de ce site, soient conformes \u00e0 \u00ab&nbsp;<a href=\"https:\/\/www.legifrance.gouv.fr\/eli\/loi\/2018\/6\/20\/JUSC1732261L\/jo\/texte\" target=\"_blank\" rel=\"noreferrer noopener\">La LOI n\u00b0 2018-493 du 20 juin 2018<\/a>&nbsp;\u00bb relative \u00e0 la protection des donn\u00e9es personnelles et au \u00ab&nbsp;<a href=\"https:\/\/www.cnil.fr\/fr\/reglement-europeen-protection-donnees\" target=\"_blank\" rel=\"noreferrer noopener\">R\u00e8glement g\u00e9n\u00e9ral sur la protection des donn\u00e9es<\/a>&nbsp;\u00bb (RGPD).<\/p>\n\n\n\n<p>Les donn\u00e9es statistiques recueillies ne sont utilis\u00e9es que pour nous permettre d\u2019enrichir le parcours des internautes, fournir une meilleure information et ainsi participer \u00e0 l\u2019am\u00e9lioration de notre mission.<\/p>\n\n\n\n<h3 class=\"wp-block-heading\"><strong>Respect des lois en vigueur<\/strong><\/h3>\n\n\n\n<p>Le site&nbsp;\u00ab&nbsp;https:\/\/sno-renoir.osups.universite-paris-saclay.fr&nbsp;\u00bb&nbsp;respecte la vie priv\u00e9e de l\u2019internaute et se conforme strictement aux lois en vigueur sur la protection de la vie priv\u00e9e et des libert\u00e9s individuelles. Aucune information personnelle n\u2019est collect\u00e9e \u00e0 votre insu. Aucune information personnelle n\u2019est c\u00e9d\u00e9e \u00e0 des tiers. Les courriels, les adresses \u00e9lectroniques ou autres informations nominatives dont ce site est destinataire, ne font l\u2019objet d\u2019aucune exploitation et ne sont conserv\u00e9s que pour la dur\u00e9e n\u00e9cessaire \u00e0 leur traitement.<\/p>\n\n\n\n<h3 class=\"wp-block-heading\"><strong>Droit des internautes&nbsp;: droit d\u2019acc\u00e8s et de rectification<\/strong><\/h3>\n\n\n\n<p>Conform\u00e9ment aux dispositions de la loi n\u00b078-17 du 6 janvier 1978 relative \u00e0 l\u2019informatique, aux fichiers et aux libert\u00e9s, les internautes disposent d\u2019un droit d\u2019acc\u00e8s, de modification, de rectification et de suppression des donn\u00e9es qui les concernent.<\/p>\n\n\n\n<h3 class=\"wp-block-heading\"><strong>Cookies<\/strong><\/h3>\n\n\n\n<p>Lors de la consultation de notre site&nbsp;\u00ab&nbsp;https:\/\/sno-renoir.osups.universite-paris-saclay.fr&nbsp;\u00bb, des cookies sont d\u00e9pos\u00e9s sur votre ordinateur, votre mobile ou votre tablette.<\/p>\n\n\n\n<p>Les seuls cookies utilis\u00e9s par le site sont ceux destin\u00e9s \u00e0 la mesure d\u2019audience et ne collectent pas de donn\u00e9es personnelles.<\/p>\n\n\n\n<p>Les outils de mesures d\u2019audience sont d\u00e9ploy\u00e9s afin d\u2019obtenir des informations sur la navigation des visiteurs. Ils permettent notamment de comprendre comment les utilisateurs arrivent sur un site et de reconstituer leur parcours.<\/p>\n\n\n\n<p>Vous pouvez \u00e0 tout moment choisir de d\u00e9sactiver ces cookies. Votre navigateur peut \u00e9galement \u00eatre param\u00e9tr\u00e9 pour vous signaler les cookies qui sont d\u00e9pos\u00e9s dans votre ordinateur et vous demander de les accepter ou pas. Vous pouvez accepter ou refuser les cookies au cas par cas ou bien les refuser syst\u00e9matiquement.<\/p>\n\n\n\n<p>En cas de refus de d\u00e9p\u00f4t de cookie, vous ne pourrez pas consulter le site&nbsp;\u00ab&nbsp;https:\/\/sno-renoir.osups.universite-paris-saclay.fr&nbsp;\u00bb. Afin de g\u00e9rer les cookies au plus pr\u00e8s de vos attentes, nous vous invitons \u00e0 param\u00e9trer votre navigateur en tenant compte de la finalit\u00e9 des cookies.<\/p>\n\n\n\n<h3 class=\"wp-block-heading\"><\/h3>","protected":false},"excerpt":{"rendered":"<p>CR\u00c9DITS&nbsp;ET&nbsp;MENTIONS L\u00c9GALES Informations \u00e9ditoriales Le site&nbsp;\u00ab&nbsp;https:\/\/sno-renoir.osups.universite-paris-saclay.fr&nbsp;\u00bb est \u00e9dit\u00e9 par l\u2019OSU Paris-Saclay via IDOC (Integrated Data and Operation Center). Directeur de la publication Elisabeth Gibert-Brunet, responsable du SNO RENOIR Conception du site Laetitia Martin \u2013 Direction artistiqueConception graphique et ergonomique, d\u00e9veloppement et outil de gestion de contenusCr\u00e9ation du logoLaetmartin@gmail.com En collaboration avec Romain Zajdel Int\u00e9gration et [&hellip;]<\/p>\n","protected":false},"author":2,"featured_media":0,"parent":0,"menu_order":0,"comment_status":"closed","ping_status":"closed","template":"","meta":{"_et_pb_use_builder":"off","_et_pb_old_content":"","_et_gb_content_width":"","inline_featured_image":false,"footnotes":""},"class_list":["post-6132","page","type-page","status-publish","hentry"],"yoast_head":"<!-- This site is optimized with the Yoast SEO plugin v27.0 - https:\/\/yoast.com\/product\/yoast-seo-wordpress\/ -->\n<title>Mentions l\u00e9gales et Cr\u00e9dits - SNO RENOIR<\/title>\n<meta name=\"robots\" content=\"index, follow, max-snippet:-1, max-image-preview:large, max-video-preview:-1\" \/>\n<link rel=\"canonical\" href=\"https:\/\/sno-renoir.osups.universite-paris-saclay.fr\/en\/mentions-legales\/\" \/>\n<meta property=\"og:locale\" content=\"en_GB\" \/>\n<meta property=\"og:type\" content=\"article\" \/>\n<meta property=\"og:title\" content=\"Mentions l\u00e9gales et Cr\u00e9dits - SNO RENOIR\" \/>\n<meta property=\"og:description\" content=\"CR\u00c9DITS&nbsp;ET&nbsp;MENTIONS L\u00c9GALES Informations \u00e9ditoriales Le site&nbsp;\u00ab&nbsp;https:\/\/sno-renoir.osups.universite-paris-saclay.fr&nbsp;\u00bb est \u00e9dit\u00e9 par l\u2019OSU Paris-Saclay via IDOC (Integrated Data and Operation Center). Directeur de la publication Elisabeth Gibert-Brunet, responsable du SNO RENOIR Conception du site Laetitia Martin \u2013 Direction artistiqueConception graphique et ergonomique, d\u00e9veloppement et outil de gestion de contenusCr\u00e9ation du logoLaetmartin@gmail.com En collaboration avec Romain Zajdel Int\u00e9gration et [&hellip;]\" \/>\n<meta property=\"og:url\" content=\"https:\/\/sno-renoir.osups.universite-paris-saclay.fr\/en\/mentions-legales\/\" \/>\n<meta property=\"og:site_name\" content=\"SNO RENOIR\" \/>\n<meta property=\"article:modified_time\" content=\"2022-06-15T12:54:13+00:00\" \/>\n<meta name=\"twitter:card\" content=\"summary_large_image\" \/>\n<meta name=\"twitter:label1\" content=\"Estimated reading time\" \/>\n\t<meta name=\"twitter:data1\" content=\"3 minutes\" \/>\n<script type=\"application\/ld+json\" class=\"yoast-schema-graph\">{\"@context\":\"https:\/\/schema.org\",\"@graph\":[{\"@type\":\"WebPage\",\"@id\":\"https:\/\/sno-renoir.osups.universite-paris-saclay.fr\/mentions-legales\/\",\"url\":\"https:\/\/sno-renoir.osups.universite-paris-saclay.fr\/mentions-legales\/\",\"name\":\"Mentions l\u00e9gales et Cr\u00e9dits - SNO RENOIR\",\"isPartOf\":{\"@id\":\"https:\/\/sno-renoir.osups.universite-paris-saclay.fr\/#website\"},\"datePublished\":\"2022-03-22T16:19:46+00:00\",\"dateModified\":\"2022-06-15T12:54:13+00:00\",\"breadcrumb\":{\"@id\":\"https:\/\/sno-renoir.osups.universite-paris-saclay.fr\/mentions-legales\/#breadcrumb\"},\"inLanguage\":\"en-GB\",\"potentialAction\":[{\"@type\":\"ReadAction\",\"target\":[\"https:\/\/sno-renoir.osups.universite-paris-saclay.fr\/mentions-legales\/\"]}]},{\"@type\":\"BreadcrumbList\",\"@id\":\"https:\/\/sno-renoir.osups.universite-paris-saclay.fr\/mentions-legales\/#breadcrumb\",\"itemListElement\":[{\"@type\":\"ListItem\",\"position\":1,\"name\":\"Accueil\",\"item\":\"https:\/\/sno-renoir.osups.universite-paris-saclay.fr\/\"},{\"@type\":\"ListItem\",\"position\":2,\"name\":\"Mentions l\u00e9gales et Cr\u00e9dits\"}]},{\"@type\":\"WebSite\",\"@id\":\"https:\/\/sno-renoir.osups.universite-paris-saclay.fr\/#website\",\"url\":\"https:\/\/sno-renoir.osups.universite-paris-saclay.fr\/\",\"name\":\"SNO RENOIR\",\"description\":\"\",\"publisher\":{\"@id\":\"https:\/\/sno-renoir.osups.universite-paris-saclay.fr\/#organization\"},\"potentialAction\":[{\"@type\":\"SearchAction\",\"target\":{\"@type\":\"EntryPoint\",\"urlTemplate\":\"https:\/\/sno-renoir.osups.universite-paris-saclay.fr\/?s={search_term_string}\"},\"query-input\":{\"@type\":\"PropertyValueSpecification\",\"valueRequired\":true,\"valueName\":\"search_term_string\"}}],\"inLanguage\":\"en-GB\"},{\"@type\":\"Organization\",\"@id\":\"https:\/\/sno-renoir.osups.universite-paris-saclay.fr\/#organization\",\"name\":\"SNO RENOIR\",\"url\":\"https:\/\/sno-renoir.osups.universite-paris-saclay.fr\/\",\"logo\":{\"@type\":\"ImageObject\",\"inLanguage\":\"en-GB\",\"@id\":\"https:\/\/sno-renoir.osups.universite-paris-saclay.fr\/#\/schema\/logo\/image\/\",\"url\":\"https:\/\/sno-renoir.osups.universite-paris-saclay.fr\/wp-content\/uploads\/2021\/10\/Logo-SNO-renoir.svg\",\"contentUrl\":\"https:\/\/sno-renoir.osups.universite-paris-saclay.fr\/wp-content\/uploads\/2021\/10\/Logo-SNO-renoir.svg\",\"width\":\"1024\",\"height\":\"1024\",\"caption\":\"SNO RENOIR\"},\"image\":{\"@id\":\"https:\/\/sno-renoir.osups.universite-paris-saclay.fr\/#\/schema\/logo\/image\/\"}}]}<\/script>\n<!-- \/ Yoast SEO plugin. -->","yoast_head_json":{"title":"Mentions l\u00e9gales et Cr\u00e9dits - SNO RENOIR","robots":{"index":"index","follow":"follow","max-snippet":"max-snippet:-1","max-image-preview":"max-image-preview:large","max-video-preview":"max-video-preview:-1"},"canonical":"https:\/\/sno-renoir.osups.universite-paris-saclay.fr\/en\/mentions-legales\/","og_locale":"en_GB","og_type":"article","og_title":"Mentions l\u00e9gales et Cr\u00e9dits - SNO RENOIR","og_description":"CR\u00c9DITS&nbsp;ET&nbsp;MENTIONS L\u00c9GALES Informations \u00e9ditoriales Le site&nbsp;\u00ab&nbsp;https:\/\/sno-renoir.osups.universite-paris-saclay.fr&nbsp;\u00bb est \u00e9dit\u00e9 par l\u2019OSU Paris-Saclay via IDOC (Integrated Data and Operation Center). Directeur de la publication Elisabeth Gibert-Brunet, responsable du SNO RENOIR Conception du site Laetitia Martin \u2013 Direction artistiqueConception graphique et ergonomique, d\u00e9veloppement et outil de gestion de contenusCr\u00e9ation du logoLaetmartin@gmail.com En collaboration avec Romain Zajdel Int\u00e9gration et [&hellip;]","og_url":"https:\/\/sno-renoir.osups.universite-paris-saclay.fr\/en\/mentions-legales\/","og_site_name":"SNO RENOIR","article_modified_time":"2022-06-15T12:54:13+00:00","twitter_card":"summary_large_image","twitter_misc":{"Estimated reading time":"3 minutes"},"schema":{"@context":"https:\/\/schema.org","@graph":[{"@type":"WebPage","@id":"https:\/\/sno-renoir.osups.universite-paris-saclay.fr\/mentions-legales\/","url":"https:\/\/sno-renoir.osups.universite-paris-saclay.fr\/mentions-legales\/","name":"Mentions l\u00e9gales et Cr\u00e9dits - SNO RENOIR","isPartOf":{"@id":"https:\/\/sno-renoir.osups.universite-paris-saclay.fr\/#website"},"datePublished":"2022-03-22T16:19:46+00:00","dateModified":"2022-06-15T12:54:13+00:00","breadcrumb":{"@id":"https:\/\/sno-renoir.osups.universite-paris-saclay.fr\/mentions-legales\/#breadcrumb"},"inLanguage":"en-GB","potentialAction":[{"@type":"ReadAction","target":["https:\/\/sno-renoir.osups.universite-paris-saclay.fr\/mentions-legales\/"]}]},{"@type":"BreadcrumbList","@id":"https:\/\/sno-renoir.osups.universite-paris-saclay.fr\/mentions-legales\/#breadcrumb","itemListElement":[{"@type":"ListItem","position":1,"name":"Accueil","item":"https:\/\/sno-renoir.osups.universite-paris-saclay.fr\/"},{"@type":"ListItem","position":2,"name":"Mentions l\u00e9gales et Cr\u00e9dits"}]},{"@type":"WebSite","@id":"https:\/\/sno-renoir.osups.universite-paris-saclay.fr\/#website","url":"https:\/\/sno-renoir.osups.universite-paris-saclay.fr\/","name":"SNO RENOIR","description":"","publisher":{"@id":"https:\/\/sno-renoir.osups.universite-paris-saclay.fr\/#organization"},"potentialAction":[{"@type":"SearchAction","target":{"@type":"EntryPoint","urlTemplate":"https:\/\/sno-renoir.osups.universite-paris-saclay.fr\/?s={search_term_string}"},"query-input":{"@type":"PropertyValueSpecification","valueRequired":true,"valueName":"search_term_string"}}],"inLanguage":"en-GB"},{"@type":"Organization","@id":"https:\/\/sno-renoir.osups.universite-paris-saclay.fr\/#organization","name":"SNO RENOIR","url":"https:\/\/sno-renoir.osups.universite-paris-saclay.fr\/","logo":{"@type":"ImageObject","inLanguage":"en-GB","@id":"https:\/\/sno-renoir.osups.universite-paris-saclay.fr\/#\/schema\/logo\/image\/","url":"https:\/\/sno-renoir.osups.universite-paris-saclay.fr\/wp-content\/uploads\/2021\/10\/Logo-SNO-renoir.svg","contentUrl":"https:\/\/sno-renoir.osups.universite-paris-saclay.fr\/wp-content\/uploads\/2021\/10\/Logo-SNO-renoir.svg","width":"1024","height":"1024","caption":"SNO RENOIR"},"image":{"@id":"https:\/\/sno-renoir.osups.universite-paris-saclay.fr\/#\/schema\/logo\/image\/"}}]}},"_links":{"self":[{"href":"https:\/\/sno-renoir.osups.universite-paris-saclay.fr\/en\/wp-json\/wp\/v2\/pages\/6132","targetHints":{"allow":["GET"]}}],"collection":[{"href":"https:\/\/sno-renoir.osups.universite-paris-saclay.fr\/en\/wp-json\/wp\/v2\/pages"}],"about":[{"href":"https:\/\/sno-renoir.osups.universite-paris-saclay.fr\/en\/wp-json\/wp\/v2\/types\/page"}],"author":[{"embeddable":true,"href":"https:\/\/sno-renoir.osups.universite-paris-saclay.fr\/en\/wp-json\/wp\/v2\/users\/2"}],"replies":[{"embeddable":true,"href":"https:\/\/sno-renoir.osups.universite-paris-saclay.fr\/en\/wp-json\/wp\/v2\/comments?post=6132"}],"version-history":[{"count":15,"href":"https:\/\/sno-renoir.osups.universite-paris-saclay.fr\/en\/wp-json\/wp\/v2\/pages\/6132\/revisions"}],"predecessor-version":[{"id":15289,"href":"https:\/\/sno-renoir.osups.universite-paris-saclay.fr\/en\/wp-json\/wp\/v2\/pages\/6132\/revisions\/15289"}],"wp:attachment":[{"href":"https:\/\/sno-renoir.osups.universite-paris-saclay.fr\/en\/wp-json\/wp\/v2\/media?parent=6132"}],"curies":[{"name":"wp","href":"https:\/\/api.w.org\/{rel}","templated":true}]}}