{"id":23,"date":"2021-10-26T12:31:29","date_gmt":"2021-10-26T12:31:29","guid":{"rendered":"https:\/\/sno-renoir.osups.universite-paris-saclay.fr\/?page_id=23"},"modified":"2023-10-19T14:15:19","modified_gmt":"2023-10-19T14:15:19","slug":"publications","status":"publish","type":"page","link":"https:\/\/sno-renoir.osups.universite-paris-saclay.fr\/en\/publications\/","title":{"rendered":"Publications"},"content":{"rendered":"[et_pb_section admin_label=\u00a0\u00bbsection\u00a0\u00bb]\n\t\t\t[et_pb_row admin_label=\u00a0\u00bbrow\u00a0\u00bb]\n\t\t\t\t[et_pb_column type=\u00a0\u00bb4_4&Prime;][et_pb_text admin_label=\u00a0\u00bbText\u00a0\u00bb]\n<p>Vous trouverez sur cette page, la liste des publications produites dans le cadre du SNO RENOIR, class\u00e9es par ann\u00e9e depuis 2012.<\/p>\n\n\n\n<p>La production scientifique du SNO RENOIR est, autant que faire se peut, r\u00e9f\u00e9renc\u00e9e sur la plateforme HAL (<a href=\"https:\/\/hal.archives-ouvertes.fr\/\" target=\"_blank\" rel=\"noreferrer noopener\">https:\/\/hal.archives-ouvertes.fr\/)<\/a>, la mise en ligne se faisant toujours dans le respect du droit des \u00e9diteurs.<\/p>\n\n\n\n<p><strong>Remerciements \u00e0 indiquer dans vos publications&nbsp;:<\/strong><br>Pour toute publication utilisant des donn\u00e9es produites ou financ\u00e9es par le SNO RENOIR, nous vous demandons de bien vouloir faire \u00e9tat de la contribution du SNO RENOIR et des observatoires\/stations dans les remerciements.<\/p>\n\n\n\n<ul class=\"wp-block-list\"><li>Article utilisant des donn\u00e9es d&rsquo;un site d&rsquo;observation :<br>Les donn\u00e9es utilis\u00e9es dans ce travail ont \u00e9t\u00e9 collect\u00e9es sur le site de \u2026 (station de \u2026) qui appartient au Service National d\u2019Observation (SNO) RENOIR (R\u00e9seau Fran\u00e7ais des isotopes dans les pr\u00e9cipitations ; <a href=\"https:\/\/sno-renoir.osups.universite-paris-saclay.fr\" target=\"_blank\" rel=\"noreferrer noopener\">https:\/\/sno-renoir.osups.universite-paris-saclay.fr<\/a>) financ\u00e9 par l\u2019Institut des Sciences de l\u2019Univers du Centre National de la Recherche Scientifique (INSU\/CNRS), et qui vise \u00e0 renforcer le partage des connaissances et \u00e0 promouvoir la recherche pluridisciplinaire sur la fonction \u00ab Entr\u00e9e \u00bb des hydro-\u00e9co-cryo-syst\u00e8mes.<\/li><li>Article ayant b\u00e9n\u00e9fici\u00e9, au-del\u00e0 de l\u2019utilisation des donn\u00e9es, d&rsquo;\u00e9changes et de discussion des donn\u00e9es d&rsquo;un\/de plusieurs site(s) d&rsquo;observation(s) avec les responsables de la(des) station(s) :<br>Ce travail a b\u00e9n\u00e9fici\u00e9 de discussions fructueuses dans le cadre de l&rsquo;initiative du Service National d\u2019Observation (SNO) RENOIR (R\u00e9seau Fran\u00e7ais des isotopes dans les pr\u00e9cipitations ;<a href=\"https:\/\/sno-renoir.osups.universite-paris-saclay.fr\" target=\"_blank\" rel=\"noreferrer noopener\"> https:\/\/sno-renoir.osups.universite-paris-saclay.fr<\/a>) financ\u00e9 par l\u2019Institut des Sciences de l\u2019Univers du Centre National de la Recherche Scientifique (INSU\/CNRS), qui vise \u00e0 renforcer le partage des connaissances et \u00e0 promouvoir la recherche pluridisciplinaire sur la fonction \u00ab Entr\u00e9e \u00bb des hydro-\u00e9co-cryo-syst\u00e8mes. Les donn\u00e9es utilis\u00e9es dans ce travail ont \u00e9t\u00e9 collect\u00e9es sur le site de \u2026 (station de \u2026) du SNO RENOIR.<\/li><\/ul>\n\n\n\n<p><strong>Recommandations pour la Science Ouverte :<br><\/strong>Lorsque vos articles sont publi\u00e9s dans des revues qui ne sont pas en acc\u00e8s libre sur le web, nous vous incitons \u00e0 publier, lorsque l\u2019\u00e9diteur le permet, votre version auteur sur une archive ouverte comme HAL, ou en suivant les recommandations de vos instituts qui peuvent avoir leur propre politique de d\u00e9p\u00f4t des publications (archives institutionnelles)<\/p>\n[\/et_pb_text][\/et_pb_column]\n\t\t\t[\/et_pb_row]\n\t\t[\/et_pb_section]","protected":false},"excerpt":{"rendered":"<p>Chapo introduction pour la page publications Lorem ipsum dolor sit amet, consectetur adipiscing elit. Mauris faucibus tortor tellus, vel congue justo aliquet sed. Quisque gravida odio sit amet tortor ullamcorper luctus. Phasellus at sem rutrum, sollicitudin ex nec, cursus arcu. In <\/p>","protected":false},"author":2,"featured_media":2029,"parent":0,"menu_order":0,"comment_status":"closed","ping_status":"closed","template":"","meta":{"_et_pb_use_builder":"on","_et_pb_old_content":"<!-- wp:paragraph -->\n<p>Vous trouverez sur cette page, la liste des publications produites dans le cadre du SNO RENOIR, class\u00e9es par ann\u00e9e depuis 2012.<\/p>\n<!-- \/wp:paragraph -->\n\n<!-- wp:paragraph -->\n<p>La production scientifique du SNO RENOIR est, autant que faire se peut, r\u00e9f\u00e9renc\u00e9e sur la plateforme HAL (<a href=\"https:\/\/hal.archives-ouvertes.fr\/\" target=\"_blank\" rel=\"noreferrer noopener\">https:\/\/hal.archives-ouvertes.fr\/)<\/a>, la mise en ligne se faisant toujours dans le respect du droit des \u00e9diteurs.<\/p>\n<!-- \/wp:paragraph -->\n\n<!-- wp:paragraph -->\n<p><strong>Remerciements \u00e0 indiquer dans vos publications&nbsp;:<\/strong><br>Pour toute publication utilisant des donn\u00e9es produites ou financ\u00e9es par le SNO RENOIR, nous vous demandons de bien vouloir faire \u00e9tat de la contribution du SNO RENOIR et des observatoires\/stations dans les remerciements.<\/p>\n<!-- \/wp:paragraph -->\n\n<!-- wp:list -->\n<ul><li>Article utilisant des donn\u00e9es d'un site d'observation :<br>Les donn\u00e9es utilis\u00e9es dans ce travail ont \u00e9t\u00e9 collect\u00e9es sur le site de \u2026 (station de \u2026) qui appartient au Service National d\u2019Observation (SNO) RENOIR (R\u00e9seau Fran\u00e7ais des isotopes dans les pr\u00e9cipitations ; <a href=\"https:\/\/sno-renoir.osups.universite-paris-saclay.fr\" target=\"_blank\" rel=\"noreferrer noopener\">https:\/\/sno-renoir.osups.universite-paris-saclay.fr<\/a>) financ\u00e9 par l\u2019Institut des Sciences de l\u2019Univers du Centre National de la Recherche Scientifique (INSU\/CNRS), et qui vise \u00e0 renforcer le partage des connaissances et \u00e0 promouvoir la recherche pluridisciplinaire sur la fonction \u00ab Entr\u00e9e \u00bb des hydro-\u00e9co-cryo-syst\u00e8mes.<\/li><li>Article ayant b\u00e9n\u00e9fici\u00e9, au-del\u00e0 de l\u2019utilisation des donn\u00e9es, d'\u00e9changes et de discussion des donn\u00e9es d'un\/de plusieurs site(s) d'observation(s) avec les responsables de la(des) station(s) :<br>Ce travail a b\u00e9n\u00e9fici\u00e9 de discussions fructueuses dans le cadre de l'initiative du Service National d\u2019Observation (SNO) RENOIR (R\u00e9seau Fran\u00e7ais des isotopes dans les pr\u00e9cipitations ;<a href=\"https:\/\/sno-renoir.osups.universite-paris-saclay.fr\" target=\"_blank\" rel=\"noreferrer noopener\"> https:\/\/sno-renoir.osups.universite-paris-saclay.fr<\/a>) financ\u00e9 par l\u2019Institut des Sciences de l\u2019Univers du Centre National de la Recherche Scientifique (INSU\/CNRS), qui vise \u00e0 renforcer le partage des connaissances et \u00e0 promouvoir la recherche pluridisciplinaire sur la fonction \u00ab Entr\u00e9e \u00bb des hydro-\u00e9co-cryo-syst\u00e8mes. Les donn\u00e9es utilis\u00e9es dans ce travail ont \u00e9t\u00e9 collect\u00e9es sur le site de \u2026 (station de \u2026) du SNO RENOIR.<\/li><\/ul>\n<!-- \/wp:list -->\n\n<!-- wp:paragraph -->\n<p><strong>Recommandations pour la Science Ouverte :<br><\/strong>Lorsque vos articles sont publi\u00e9s dans des revues qui ne sont pas en acc\u00e8s libre sur le web, nous vous incitons \u00e0 publier, lorsque l\u2019\u00e9diteur le permet, votre version auteur sur une archive ouverte comme HAL, ou en suivant les recommandations de vos instituts qui peuvent avoir leur propre politique de d\u00e9p\u00f4t des publications (archives institutionnelles)<\/p>\n<!-- \/wp:paragraph -->","_et_gb_content_width":"","inline_featured_image":false,"footnotes":""},"class_list":["post-23","page","type-page","status-publish","has-post-thumbnail","hentry"],"yoast_head":"<!-- This site is optimized with the Yoast SEO plugin v27.0 - https:\/\/yoast.com\/product\/yoast-seo-wordpress\/ -->\n<title>Publications - SNO RENOIR<\/title>\n<meta name=\"robots\" content=\"index, follow, max-snippet:-1, max-image-preview:large, max-video-preview:-1\" \/>\n<link rel=\"canonical\" href=\"https:\/\/sno-renoir.osups.universite-paris-saclay.fr\/en\/publications\/\" \/>\n<meta property=\"og:locale\" content=\"en_GB\" \/>\n<meta property=\"og:type\" content=\"article\" \/>\n<meta property=\"og:title\" content=\"Publications - SNO RENOIR\" \/>\n<meta property=\"og:description\" content=\"Chapo introduction pour la page publications Lorem ipsum dolor sit amet, consectetur adipiscing elit. Mauris faucibus tortor tellus, vel congue justo aliquet sed. Quisque gravida odio sit amet tortor ullamcorper luctus. Phasellus at sem rutrum, sollicitudin ex nec, cursus arcu. In\" \/>\n<meta property=\"og:url\" content=\"https:\/\/sno-renoir.osups.universite-paris-saclay.fr\/en\/publications\/\" \/>\n<meta property=\"og:site_name\" content=\"SNO RENOIR\" \/>\n<meta property=\"article:modified_time\" content=\"2023-10-19T14:15:19+00:00\" \/>\n<meta property=\"og:image\" content=\"https:\/\/sno-renoir.osups.universite-paris-saclay.fr\/wp-content\/uploads\/2021\/10\/books-1281581-scaled.jpeg\" \/>\n\t<meta property=\"og:image:width\" content=\"2560\" \/>\n\t<meta property=\"og:image:height\" content=\"971\" \/>\n\t<meta property=\"og:image:type\" content=\"image\/jpeg\" \/>\n<meta name=\"twitter:card\" content=\"summary_large_image\" \/>\n<meta name=\"twitter:label1\" content=\"Estimated reading time\" \/>\n\t<meta name=\"twitter:data1\" content=\"2 minutes\" \/>\n<script type=\"application\/ld+json\" class=\"yoast-schema-graph\">{\"@context\":\"https:\/\/schema.org\",\"@graph\":[{\"@type\":\"WebPage\",\"@id\":\"https:\/\/sno-renoir.osups.universite-paris-saclay.fr\/publications\/\",\"url\":\"https:\/\/sno-renoir.osups.universite-paris-saclay.fr\/publications\/\",\"name\":\"Publications - SNO RENOIR\",\"isPartOf\":{\"@id\":\"https:\/\/sno-renoir.osups.universite-paris-saclay.fr\/#website\"},\"primaryImageOfPage\":{\"@id\":\"https:\/\/sno-renoir.osups.universite-paris-saclay.fr\/publications\/#primaryimage\"},\"image\":{\"@id\":\"https:\/\/sno-renoir.osups.universite-paris-saclay.fr\/publications\/#primaryimage\"},\"thumbnailUrl\":\"https:\/\/sno-renoir.osups.universite-paris-saclay.fr\/wp-content\/uploads\/2021\/10\/books-1281581-scaled.jpeg\",\"datePublished\":\"2021-10-26T12:31:29+00:00\",\"dateModified\":\"2023-10-19T14:15:19+00:00\",\"breadcrumb\":{\"@id\":\"https:\/\/sno-renoir.osups.universite-paris-saclay.fr\/publications\/#breadcrumb\"},\"inLanguage\":\"en-GB\",\"potentialAction\":[{\"@type\":\"ReadAction\",\"target\":[\"https:\/\/sno-renoir.osups.universite-paris-saclay.fr\/publications\/\"]}]},{\"@type\":\"ImageObject\",\"inLanguage\":\"en-GB\",\"@id\":\"https:\/\/sno-renoir.osups.universite-paris-saclay.fr\/publications\/#primaryimage\",\"url\":\"https:\/\/sno-renoir.osups.universite-paris-saclay.fr\/wp-content\/uploads\/2021\/10\/books-1281581-scaled.jpeg\",\"contentUrl\":\"https:\/\/sno-renoir.osups.universite-paris-saclay.fr\/wp-content\/uploads\/2021\/10\/books-1281581-scaled.jpeg\",\"width\":2560,\"height\":971},{\"@type\":\"BreadcrumbList\",\"@id\":\"https:\/\/sno-renoir.osups.universite-paris-saclay.fr\/publications\/#breadcrumb\",\"itemListElement\":[{\"@type\":\"ListItem\",\"position\":1,\"name\":\"Accueil\",\"item\":\"https:\/\/sno-renoir.osups.universite-paris-saclay.fr\/\"},{\"@type\":\"ListItem\",\"position\":2,\"name\":\"Publications\"}]},{\"@type\":\"WebSite\",\"@id\":\"https:\/\/sno-renoir.osups.universite-paris-saclay.fr\/#website\",\"url\":\"https:\/\/sno-renoir.osups.universite-paris-saclay.fr\/\",\"name\":\"SNO RENOIR\",\"description\":\"\",\"publisher\":{\"@id\":\"https:\/\/sno-renoir.osups.universite-paris-saclay.fr\/#organization\"},\"potentialAction\":[{\"@type\":\"SearchAction\",\"target\":{\"@type\":\"EntryPoint\",\"urlTemplate\":\"https:\/\/sno-renoir.osups.universite-paris-saclay.fr\/?s={search_term_string}\"},\"query-input\":{\"@type\":\"PropertyValueSpecification\",\"valueRequired\":true,\"valueName\":\"search_term_string\"}}],\"inLanguage\":\"en-GB\"},{\"@type\":\"Organization\",\"@id\":\"https:\/\/sno-renoir.osups.universite-paris-saclay.fr\/#organization\",\"name\":\"SNO RENOIR\",\"url\":\"https:\/\/sno-renoir.osups.universite-paris-saclay.fr\/\",\"logo\":{\"@type\":\"ImageObject\",\"inLanguage\":\"en-GB\",\"@id\":\"https:\/\/sno-renoir.osups.universite-paris-saclay.fr\/#\/schema\/logo\/image\/\",\"url\":\"https:\/\/sno-renoir.osups.universite-paris-saclay.fr\/wp-content\/uploads\/2021\/10\/Logo-SNO-renoir.svg\",\"contentUrl\":\"https:\/\/sno-renoir.osups.universite-paris-saclay.fr\/wp-content\/uploads\/2021\/10\/Logo-SNO-renoir.svg\",\"width\":\"1024\",\"height\":\"1024\",\"caption\":\"SNO RENOIR\"},\"image\":{\"@id\":\"https:\/\/sno-renoir.osups.universite-paris-saclay.fr\/#\/schema\/logo\/image\/\"}}]}<\/script>\n<!-- \/ Yoast SEO plugin. -->","yoast_head_json":{"title":"Publications - SNO RENOIR","robots":{"index":"index","follow":"follow","max-snippet":"max-snippet:-1","max-image-preview":"max-image-preview:large","max-video-preview":"max-video-preview:-1"},"canonical":"https:\/\/sno-renoir.osups.universite-paris-saclay.fr\/en\/publications\/","og_locale":"en_GB","og_type":"article","og_title":"Publications - SNO RENOIR","og_description":"Chapo introduction pour la page publications Lorem ipsum dolor sit amet, consectetur adipiscing elit. Mauris faucibus tortor tellus, vel congue justo aliquet sed. Quisque gravida odio sit amet tortor ullamcorper luctus. Phasellus at sem rutrum, sollicitudin ex nec, cursus arcu. In","og_url":"https:\/\/sno-renoir.osups.universite-paris-saclay.fr\/en\/publications\/","og_site_name":"SNO RENOIR","article_modified_time":"2023-10-19T14:15:19+00:00","og_image":[{"width":2560,"height":971,"url":"https:\/\/sno-renoir.osups.universite-paris-saclay.fr\/wp-content\/uploads\/2021\/10\/books-1281581-scaled.jpeg","type":"image\/jpeg"}],"twitter_card":"summary_large_image","twitter_misc":{"Estimated reading time":"2 minutes"},"schema":{"@context":"https:\/\/schema.org","@graph":[{"@type":"WebPage","@id":"https:\/\/sno-renoir.osups.universite-paris-saclay.fr\/publications\/","url":"https:\/\/sno-renoir.osups.universite-paris-saclay.fr\/publications\/","name":"Publications - SNO RENOIR","isPartOf":{"@id":"https:\/\/sno-renoir.osups.universite-paris-saclay.fr\/#website"},"primaryImageOfPage":{"@id":"https:\/\/sno-renoir.osups.universite-paris-saclay.fr\/publications\/#primaryimage"},"image":{"@id":"https:\/\/sno-renoir.osups.universite-paris-saclay.fr\/publications\/#primaryimage"},"thumbnailUrl":"https:\/\/sno-renoir.osups.universite-paris-saclay.fr\/wp-content\/uploads\/2021\/10\/books-1281581-scaled.jpeg","datePublished":"2021-10-26T12:31:29+00:00","dateModified":"2023-10-19T14:15:19+00:00","breadcrumb":{"@id":"https:\/\/sno-renoir.osups.universite-paris-saclay.fr\/publications\/#breadcrumb"},"inLanguage":"en-GB","potentialAction":[{"@type":"ReadAction","target":["https:\/\/sno-renoir.osups.universite-paris-saclay.fr\/publications\/"]}]},{"@type":"ImageObject","inLanguage":"en-GB","@id":"https:\/\/sno-renoir.osups.universite-paris-saclay.fr\/publications\/#primaryimage","url":"https:\/\/sno-renoir.osups.universite-paris-saclay.fr\/wp-content\/uploads\/2021\/10\/books-1281581-scaled.jpeg","contentUrl":"https:\/\/sno-renoir.osups.universite-paris-saclay.fr\/wp-content\/uploads\/2021\/10\/books-1281581-scaled.jpeg","width":2560,"height":971},{"@type":"BreadcrumbList","@id":"https:\/\/sno-renoir.osups.universite-paris-saclay.fr\/publications\/#breadcrumb","itemListElement":[{"@type":"ListItem","position":1,"name":"Accueil","item":"https:\/\/sno-renoir.osups.universite-paris-saclay.fr\/"},{"@type":"ListItem","position":2,"name":"Publications"}]},{"@type":"WebSite","@id":"https:\/\/sno-renoir.osups.universite-paris-saclay.fr\/#website","url":"https:\/\/sno-renoir.osups.universite-paris-saclay.fr\/","name":"SNO RENOIR","description":"","publisher":{"@id":"https:\/\/sno-renoir.osups.universite-paris-saclay.fr\/#organization"},"potentialAction":[{"@type":"SearchAction","target":{"@type":"EntryPoint","urlTemplate":"https:\/\/sno-renoir.osups.universite-paris-saclay.fr\/?s={search_term_string}"},"query-input":{"@type":"PropertyValueSpecification","valueRequired":true,"valueName":"search_term_string"}}],"inLanguage":"en-GB"},{"@type":"Organization","@id":"https:\/\/sno-renoir.osups.universite-paris-saclay.fr\/#organization","name":"SNO RENOIR","url":"https:\/\/sno-renoir.osups.universite-paris-saclay.fr\/","logo":{"@type":"ImageObject","inLanguage":"en-GB","@id":"https:\/\/sno-renoir.osups.universite-paris-saclay.fr\/#\/schema\/logo\/image\/","url":"https:\/\/sno-renoir.osups.universite-paris-saclay.fr\/wp-content\/uploads\/2021\/10\/Logo-SNO-renoir.svg","contentUrl":"https:\/\/sno-renoir.osups.universite-paris-saclay.fr\/wp-content\/uploads\/2021\/10\/Logo-SNO-renoir.svg","width":"1024","height":"1024","caption":"SNO RENOIR"},"image":{"@id":"https:\/\/sno-renoir.osups.universite-paris-saclay.fr\/#\/schema\/logo\/image\/"}}]}},"_links":{"self":[{"href":"https:\/\/sno-renoir.osups.universite-paris-saclay.fr\/en\/wp-json\/wp\/v2\/pages\/23","targetHints":{"allow":["GET"]}}],"collection":[{"href":"https:\/\/sno-renoir.osups.universite-paris-saclay.fr\/en\/wp-json\/wp\/v2\/pages"}],"about":[{"href":"https:\/\/sno-renoir.osups.universite-paris-saclay.fr\/en\/wp-json\/wp\/v2\/types\/page"}],"author":[{"embeddable":true,"href":"https:\/\/sno-renoir.osups.universite-paris-saclay.fr\/en\/wp-json\/wp\/v2\/users\/2"}],"replies":[{"embeddable":true,"href":"https:\/\/sno-renoir.osups.universite-paris-saclay.fr\/en\/wp-json\/wp\/v2\/comments?post=23"}],"version-history":[{"count":37,"href":"https:\/\/sno-renoir.osups.universite-paris-saclay.fr\/en\/wp-json\/wp\/v2\/pages\/23\/revisions"}],"predecessor-version":[{"id":17910,"href":"https:\/\/sno-renoir.osups.universite-paris-saclay.fr\/en\/wp-json\/wp\/v2\/pages\/23\/revisions\/17910"}],"wp:featuredmedia":[{"embeddable":true,"href":"https:\/\/sno-renoir.osups.universite-paris-saclay.fr\/en\/wp-json\/wp\/v2\/media\/2029"}],"wp:attachment":[{"href":"https:\/\/sno-renoir.osups.universite-paris-saclay.fr\/en\/wp-json\/wp\/v2\/media?parent=23"}],"curies":[{"name":"wp","href":"https:\/\/api.w.org\/{rel}","templated":true}]}}